{"id":4110,"date":"2025-05-14T06:10:58","date_gmt":"2025-05-14T05:10:58","guid":{"rendered":"https:\/\/riccapremiumglobal.com\/product\/muesli\/"},"modified":"2025-07-31T10:00:57","modified_gmt":"2025-07-31T09:00:57","slug":"muesli","status":"publish","type":"product","link":"https:\/\/riccapharma.com\/vn\/product\/muesli\/","title":{"rendered":"Muesli(Muesli)"},"content":{"rendered":"","protected":false},"excerpt":{"rendered":"<p>Th\u01b0\u1edfng th\u1ee9c s\u1ef1 th\u01a1m ngon b\u1ed5 d\u01b0\u1ee1ng t\u1eeb h\u01b0\u01a1ng v\u1ecb Ng\u0169 C\u1ed1c Muesli c\u1ee7a ch\u00fang t\u00f4i, v\u1edbi s\u1ef1 k\u1ebft h\u1ee3p h\u1ea5p d\u1eabn gi\u1eefa y\u1ebfn m\u1ea1ch n\u01b0\u1edbng, c\u00e1c lo\u1ea1i h\u1ea1t v\u00e0 tr\u00e1i c\u00e2y kh\u00f4 \u2013 m\u1ed9t m\u00f3n \u0103n \u0111\u1ea7y dinh d\u01b0\u1ee1ng v\u00e0 \u0111\u1eadm \u0111\u00e0.<\/p>\n<ul>\n<li>H\u01b0\u01a1ng v\u1ecb \u0111\u1ed9c \u0111\u00e1o d\u00e0nh cho s\u1ea3n ph\u1ea9m c\u1ee7a b\u1ea1n<\/li>\n<li>\u0110\u1ed9 \u0111\u1ed3ng nh\u1ea5t v\u00e0 n\u1ed3ng \u0111\u1ed9 tuy\u1ec7t v\u1eddi<\/li>\n<li>S\u1ea3n ph\u1ea9m t\u1eeb nh\u00e0 cung c\u1ea5p uy t\u00edn v\u00e0 cao c\u1ea5p<\/li>\n<li>Ch\u00fang t\u00f4i \u01b0u ti\u00ean cung c\u1ea5p ch\u1ea5t l\u01b0\u1ee3ng cao nh\u1ea5t \u0111\u1ec3 \u0111\u00e1p \u1ee9ng nhu c\u1ea7u c\u1ee7a b\u1ea1n<\/li>\n<\/ul>\n<p>\n  <mark style=\"background-color: #8f2b94; color: white;\"><br \/>\n    Quan t\u00e2m \u0111\u1ebfn h\u01b0\u01a1ng v\u1ecb n\u00e0y? B\u1ea1n c\u00f3 th\u1ec3 d\u1ec5 d\u00e0ng th\u00eam v\u00e0o gi\u1ecf h\u00e0ng v\u00e0 ti\u1ebfn h\u00e0nh thanh to\u00e1n \u0111\u1ec3 \u0111\u1eb7t m\u1eabu d\u00f9ng th\u1eed.<br \/>\n  <\/mark><\/p>\n","protected":false},"featured_media":4957,"template":"","meta":{"_seopress_robots_primary_cat":"none","_seopress_titles_title":"","_seopress_titles_desc":"","_seopress_robots_index":"","site-sidebar-layout":"default","site-content-layout":"","ast-site-content-layout":"default","site-content-style":"default","site-sidebar-style":"default","ast-global-header-display":"","ast-banner-title-visibility":"","ast-main-header-display":"","ast-hfb-above-header-display":"","ast-hfb-below-header-display":"","ast-hfb-mobile-header-display":"","site-post-title":"","ast-breadcrumbs-content":"","ast-featured-img":"","footer-sml-layout":"","theme-transparent-header-meta":"default","adv-header-id-meta":"","stick-header-meta":"default","header-above-stick-meta":"","header-main-stick-meta":"","header-below-stick-meta":"","astra-migrate-meta-layouts":"set","ast-page-background-enabled":"default","ast-page-background-meta":{"desktop":{"background-color":"","background-image":"","background-repeat":"repeat","background-position":"center center","background-size":"auto","background-attachment":"scroll","background-type":"","background-media":"","overlay-type":"","overlay-color":"","overlay-opacity":"","overlay-gradient":""},"tablet":{"background-color":"","background-image":"","background-repeat":"repeat","background-position":"center center","background-size":"auto","background-attachment":"scroll","background-type":"","background-media":"","overlay-type":"","overlay-color":"","overlay-opacity":"","overlay-gradient":""},"mobile":{"background-color":"","background-image":"","background-repeat":"repeat","background-position":"center center","background-size":"auto","background-attachment":"scroll","background-type":"","background-media":"","overlay-type":"","overlay-color":"","overlay-opacity":"","overlay-gradient":""}},"ast-content-background-meta":{"desktop":{"background-color":"var(--ast-global-color-5)","background-image":"","background-repeat":"repeat","background-position":"center center","background-size":"auto","background-attachment":"scroll","background-type":"","background-media":"","overlay-type":"","overlay-color":"","overlay-opacity":"","overlay-gradient":""},"tablet":{"background-color":"var(--ast-global-color-5)","background-image":"","background-repeat":"repeat","background-position":"center center","background-size":"auto","background-attachment":"scroll","background-type":"","background-media":"","overlay-type":"","overlay-color":"","overlay-opacity":"","overlay-gradient":""},"mobile":{"background-color":"var(--ast-global-color-5)","background-image":"","background-repeat":"repeat","background-position":"center center","background-size":"auto","background-attachment":"scroll","background-type":"","background-media":"","overlay-type":"","overlay-color":"","overlay-opacity":"","overlay-gradient":""}},"_themeisle_gutenberg_block_has_review":false},"product_brand":[],"product_cat":[31],"product_tag":[],"class_list":{"0":"post-4110","1":"product","2":"type-product","3":"status-publish","4":"has-post-thumbnail","6":"product_cat-creamy","7":"desktop-align-left","8":"tablet-align-left","9":"mobile-align-left","11":"first","12":"instock","13":"sold-individually","14":"shipping-taxable","15":"purchasable","16":"product-type-simple"},"_links":{"self":[{"href":"https:\/\/riccapharma.com\/vn\/wp-json\/wp\/v2\/product\/4110","targetHints":{"allow":["GET"]}}],"collection":[{"href":"https:\/\/riccapharma.com\/vn\/wp-json\/wp\/v2\/product"}],"about":[{"href":"https:\/\/riccapharma.com\/vn\/wp-json\/wp\/v2\/types\/product"}],"wp:featuredmedia":[{"embeddable":true,"href":"https:\/\/riccapharma.com\/vn\/wp-json\/wp\/v2\/media\/4957"}],"wp:attachment":[{"href":"https:\/\/riccapharma.com\/vn\/wp-json\/wp\/v2\/media?parent=4110"}],"wp:term":[{"taxonomy":"product_brand","embeddable":true,"href":"https:\/\/riccapharma.com\/vn\/wp-json\/wp\/v2\/product_brand?post=4110"},{"taxonomy":"product_cat","embeddable":true,"href":"https:\/\/riccapharma.com\/vn\/wp-json\/wp\/v2\/product_cat?post=4110"},{"taxonomy":"product_tag","embeddable":true,"href":"https:\/\/riccapharma.com\/vn\/wp-json\/wp\/v2\/product_tag?post=4110"}],"curies":[{"name":"wp","href":"https:\/\/api.w.org\/{rel}","templated":true}]}}